{"id":39,"date":"2023-01-16T13:14:25","date_gmt":"2023-01-16T13:14:25","guid":{"rendered":"http:\/\/familyholidayscroatia.com\/about-us\/"},"modified":"2023-07-12T10:51:10","modified_gmt":"2023-07-12T10:51:10","slug":"uber-uns","status":"publish","type":"page","link":"https:\/\/familyholidayscroatia.com\/de\/about-us\/","title":{"rendered":"\u00dcber uns"},"content":{"rendered":"<p>Ich war schon immer vom Reisen fasziniert, und mein Weg f\u00fchrte mich in viele ferne L\u00e4nder. Diese Leidenschaft blieb mir auch nach der Geburt meines ersten Kindes erhalten. Aber das Reisen mit Kind war anfangs mit einigen Herausforderungen verbunden und erforderte gewisse Anpassungen.<\/p>\n\n\n\n<p>Im Laufe der Jahre wurde mir klar, dass jede Familie bei der Urlaubsplanung mit diesem Problem zu k\u00e4mpfen hat. Nicht weil ein Kind an sich eine Herausforderung darstellt, sondern weil es an familienfreundlichen Reisem\u00f6glichkeiten mangelt. Das war keine allzu gro\u00dfe \u00dcberraschung - wenn man die einschr\u00e4nkenden Faktoren nicht kennt, kann man sie auch nicht umgehen.<\/p>\n\n\n\n<p>Aber als <strong>Mutter<\/strong>Ich schon.<\/p>\n\n\n\n<figure class=\"wp-block-image size-large\"><img loading=\"lazy\" decoding=\"async\" width=\"768\" height=\"1024\" src=\"https:\/\/familyholidayscroatia.com\/wp-content\/uploads\/photo-1-4-768x1024.webp\" alt=\"Foto\" class=\"wp-image-467\" srcset=\"https:\/\/familyholidayscroatia.com\/wp-content\/uploads\/photo-1-4-768x1024.webp 768w, https:\/\/familyholidayscroatia.com\/wp-content\/uploads\/photo-1-4-225x300.webp 225w, https:\/\/familyholidayscroatia.com\/wp-content\/uploads\/photo-1-4-1152x1536.webp 1152w, https:\/\/familyholidayscroatia.com\/wp-content\/uploads\/photo-1-4-9x12.webp 9w, https:\/\/familyholidayscroatia.com\/wp-content\/uploads\/photo-1-4.webp 1500w\" sizes=\"auto, (max-width: 768px) 100vw, 768px\" \/><\/figure>\n\n\n\n<p>Ich habe beschlossen, mit einem geliebten Land, das ich wie meine Westentasche kenne, klein anzufangen - Kroatien. Jahrelange Erfahrung und Erkundung haben mir genug Wissen geliefert, um familiengerechte Touren zu entwerfen, um die paradiesische Welt dieses atemberaubenden Landes zu entdecken.<\/p>\n\n\n\n<p>Und so wurde mein zweites Kind in Form dieses Unternehmens geboren - Family Holidays Croatia.<\/p>\n\n\n\n<figure class=\"wp-block-image size-large\"><img loading=\"lazy\" decoding=\"async\" width=\"768\" height=\"1024\" src=\"https:\/\/familyholidayscroatia.com\/wp-content\/uploads\/img-1-1-768x1024.webp\" alt=\"Familie Ava\" class=\"wp-image-419\" srcset=\"https:\/\/familyholidayscroatia.com\/wp-content\/uploads\/img-1-1-768x1024.webp 768w, https:\/\/familyholidayscroatia.com\/wp-content\/uploads\/img-1-1-225x300.webp 225w, https:\/\/familyholidayscroatia.com\/wp-content\/uploads\/img-1-1-1152x1536.webp 1152w, https:\/\/familyholidayscroatia.com\/wp-content\/uploads\/img-1-1-9x12.webp 9w, https:\/\/familyholidayscroatia.com\/wp-content\/uploads\/img-1-1.webp 1200w\" sizes=\"auto, (max-width: 768px) 100vw, 768px\" \/><\/figure>\n\n\n\n<h2 class=\"wp-block-heading\">Kroatien - das Paradies f\u00fcr Familien<\/h2>\n\n\n\n<p>Kroatien ist das perfekte Reiseziel f\u00fcr Familien, die eine einzigartige Mischung aus Kultur, Abenteuer und Entspannung erleben m\u00f6chten. Mit seinen Meilen von <strong>Unber\u00fchrte Str\u00e4nde, kristallklares Wasser und unber\u00fchrte Natursch\u00f6nheiten<\/strong>Kroatien bietet Familien die M\u00f6glichkeit, der Hektik des Alltags zu entfliehen und sich wieder mit der Natur zu verbinden.<\/p>\n\n\n\n<p>Eines der besten Dinge an Kroatien ist seine <strong>reiche Geschichte und Kultur<\/strong>. Familien k\u00f6nnen antike r\u00f6mische Ruinen, mittelalterliche Schl\u00f6sser und charmante Kleinst\u00e4dte erkunden und dabei etwas \u00fcber die faszinierende Vergangenheit des Landes erfahren. F\u00fcr Abenteuerlustige bietet Kroatien eine breite Palette an Outdoor-Aktivit\u00e4ten, wie Wandern, Radfahren und Wassersport. Und wer sich lieber entspannen m\u00f6chte, findet an den kroatischen Str\u00e4nden und in den Spas die perfekte Gelegenheit, die Seele baumeln zu lassen und die Sonne zu genie\u00dfen.<\/p>\n\n\n\n<p>In Anbetracht all dessen sind wir an das Thema Familienurlaub in Kroatien etwas anders herangegangen als die meisten. Wir sind der Meinung, dass All-inclusive-Hotels und -Resorts an einem Ort nicht das authentische Kroatien-Erlebnis darstellen. Auf unseren Reisen m\u00f6chten wir Ihnen so viele Orte wie m\u00f6glich zeigen. <strong>bekannte und versteckte Juwelen<\/strong> wie m\u00f6glich zu besuchen, da die Gr\u00f6\u00dfe des Landes es erlaubt, in kurzer Zeit mehrere zu besuchen.<\/p>\n\n\n\n<figure class=\"wp-block-image size-large\"><img loading=\"lazy\" decoding=\"async\" width=\"769\" height=\"1024\" src=\"https:\/\/familyholidayscroatia.com\/wp-content\/uploads\/photo-1-3-769x1024.webp\" alt=\"Foto\" class=\"wp-image-463\" srcset=\"https:\/\/familyholidayscroatia.com\/wp-content\/uploads\/photo-1-3-769x1024.webp 769w, https:\/\/familyholidayscroatia.com\/wp-content\/uploads\/photo-1-3-225x300.webp 225w, https:\/\/familyholidayscroatia.com\/wp-content\/uploads\/photo-1-3-768x1022.webp 768w, https:\/\/familyholidayscroatia.com\/wp-content\/uploads\/photo-1-3-1154x1536.webp 1154w, https:\/\/familyholidayscroatia.com\/wp-content\/uploads\/photo-1-3-9x12.webp 9w, https:\/\/familyholidayscroatia.com\/wp-content\/uploads\/photo-1-3.webp 1232w\" sizes=\"auto, (max-width: 769px) 100vw, 769px\" \/><\/figure>\n\n\n\n<h2 class=\"wp-block-heading\">Buchen Sie einen Familienurlaub bei uns!<\/h2>\n\n\n\n<p>Unser Team von Family Holidays Croatia hat es sich zur Aufgabe gemacht, Familien zu helfen, das Beste aus ihrer Zeit in Kroatien zu machen. Wir verstehen, dass die Planung eines Familienurlaubs \u00fcberw\u00e4ltigend sein kann. Deshalb bieten wir Dienstleistungen an, die Familien wie der Ihren helfen <strong>planen ihre<\/strong> <strong>Reiserouten, Suche nach geeigneten Aktivit\u00e4ten und Buchung von Unterk\u00fcnften<\/strong>.&nbsp;<\/p>\n\n\n\n<p>Unser Ziel ist es, den Urlaub f\u00fcr Ihre Familie so stressfrei und angenehm wie m\u00f6glich zu gestalten, damit Sie sich darauf konzentrieren k\u00f6nnen, Erinnerungen zu schaffen, die ein Leben lang halten.<\/p>\n\n\n\n<p>Wir laden Sie ein, unsere Website zu besuchen, <a href=\"https:\/\/familyholidayscroatia.com\/de\/\">Familienurlaub Kroatien<\/a>, um mehr \u00fcber unsere Dienstleistungen zu erfahren und um <a href=\"https:\/\/familyholidayscroatia.com\/de\/anfrage\/\">Senden Sie uns eine Anfrage<\/a> wenn Sie interessiert sind. Lassen Sie uns Ihnen helfen, den perfekten Familienurlaub in Kroatien zu planen.<\/p>\n\n\n\n<figure class=\"wp-block-image size-large\"><img loading=\"lazy\" decoding=\"async\" width=\"1024\" height=\"683\" src=\"https:\/\/familyholidayscroatia.com\/wp-content\/uploads\/secluded-beach-croatia-1024x683.webp\" alt=\"Unber\u00fchrte Str\u00e4nde\" class=\"wp-image-299\" srcset=\"https:\/\/familyholidayscroatia.com\/wp-content\/uploads\/secluded-beach-croatia-1024x683.webp 1024w, https:\/\/familyholidayscroatia.com\/wp-content\/uploads\/secluded-beach-croatia-300x200.webp 300w, https:\/\/familyholidayscroatia.com\/wp-content\/uploads\/secluded-beach-croatia-768x512.webp 768w, https:\/\/familyholidayscroatia.com\/wp-content\/uploads\/secluded-beach-croatia-1536x1024.webp 1536w, https:\/\/familyholidayscroatia.com\/wp-content\/uploads\/secluded-beach-croatia-2048x1365.webp 2048w, https:\/\/familyholidayscroatia.com\/wp-content\/uploads\/secluded-beach-croatia-18x12.webp 18w, https:\/\/familyholidayscroatia.com\/wp-content\/uploads\/secluded-beach-croatia-scaled.webp 1920w\" sizes=\"auto, (max-width: 1024px) 100vw, 1024px\" \/><\/figure>\n\n\n\n<p>Es gibt auch noch andere M\u00f6glichkeiten, Kroatien zu genie\u00dfen. Schauen Sie sich unsere Partner an, wenn Sie auf etwas aufmerksam geworden sind:<\/p>\n\n\n\n<ul class=\"wp-block-list\">\n<li><a href=\"https:\/\/croatia-tours.com\/\">Kroatien Touren<\/a><\/li>\n\n\n\n<li><a href=\"https:\/\/activityholidayscroatia.com\/\">Aktivurlaub Kroatien<\/a><\/li>\n\n\n\n<li><a href=\"https:\/\/croatiaislandcruises.com\/\">Kroatien Inselkreuzfahrten<\/a><\/li>\n\n\n\n<li><a href=\"https:\/\/luxuryyachtchartercroatia.com\/\">Luxusyachtcharter Kroatien<\/a><\/li>\n\n\n\n<li><a href=\"https:\/\/croatia-gulet.com\/\">Kroatien Gulet<\/a><\/li>\n\n\n\n<li><a href=\"https:\/\/smallshipcruisescroatia.com\/\">Kleine Schiffskreuzfahrten Kroatien<\/a><\/li>\n\n\n\n<li><a href=\"https:\/\/bikeandboatcroatia.com\/\">Fahrrad und Boot Kroatien<\/a><\/li>\n\n\n\n<li><a href=\"https:\/\/cyclingholidayscroatia.com\/\">Fahrradurlaub Kroatien<\/a><\/li>\n\n\n\n<li><a href=\"https:\/\/walkingholidayscroatia.com\/\">Wanderurlaub Kroatien<\/a><\/li>\n<\/ul>\n\n\n\n<p>Wenn das Reiseziel nicht Ihren W\u00fcnschen entspricht, k\u00f6nnen Sie auch unsere Partner in anderen L\u00e4ndern besuchen:<\/p>\n\n\n\n<ul class=\"wp-block-list\">\n<li><a href=\"https:\/\/sloveniafamilyholidays.com\/\">Slowenien Familienurlaub<\/a><\/li>\n<\/ul>","protected":false},"excerpt":{"rendered":"<p>Ich war schon immer vom Reisen fasziniert, und mein Weg f\u00fchrte mich in viele ferne L\u00e4nder. Diese Leidenschaft blieb mir auch nach der Geburt meines ersten Kindes erhalten. Aber das Reisen mit einem Kind war anfangs mit einigen Herausforderungen verbunden und erforderte gewisse Anpassungen. Im Laufe der Jahre wurde mir klar, dass das jede Familie durchmacht, wenn sie eine Reise plant ... <a href=\"https:\/\/familyholidayscroatia.com\/de\/about-us\/\">Fortsetzung<\/a><\/p>","protected":false},"author":36,"featured_media":208,"parent":0,"menu_order":0,"comment_status":"open","ping_status":"open","template":"","meta":{"footnotes":""},"class_list":["post-39","page","type-page","status-publish","has-post-thumbnail","hentry"],"acf":{"page_subheading":"Providing safe and enjoyable experiences for parents and children, our team loves nothing more than showing you Croatia\u2019s best bits \u2014 meet us!"},"_links":{"self":[{"href":"https:\/\/familyholidayscroatia.com\/de\/wp-json\/wp\/v2\/pages\/39","targetHints":{"allow":["GET"]}}],"collection":[{"href":"https:\/\/familyholidayscroatia.com\/de\/wp-json\/wp\/v2\/pages"}],"about":[{"href":"https:\/\/familyholidayscroatia.com\/de\/wp-json\/wp\/v2\/types\/page"}],"author":[{"embeddable":true,"href":"https:\/\/familyholidayscroatia.com\/de\/wp-json\/wp\/v2\/users\/36"}],"replies":[{"embeddable":true,"href":"https:\/\/familyholidayscroatia.com\/de\/wp-json\/wp\/v2\/comments?post=39"}],"version-history":[{"count":18,"href":"https:\/\/familyholidayscroatia.com\/de\/wp-json\/wp\/v2\/pages\/39\/revisions"}],"predecessor-version":[{"id":2386,"href":"https:\/\/familyholidayscroatia.com\/de\/wp-json\/wp\/v2\/pages\/39\/revisions\/2386"}],"wp:featuredmedia":[{"embeddable":true,"href":"https:\/\/familyholidayscroatia.com\/de\/wp-json\/wp\/v2\/media\/208"}],"wp:attachment":[{"href":"https:\/\/familyholidayscroatia.com\/de\/wp-json\/wp\/v2\/media?parent=39"}],"curies":[{"name":"wp","href":"https:\/\/api.w.org\/{rel}","templated":true}]}}