{"id":39,"date":"2023-01-16T13:14:25","date_gmt":"2023-01-16T13:14:25","guid":{"rendered":"http:\/\/familyholidayscroatia.com\/about-us\/"},"modified":"2023-07-12T10:51:10","modified_gmt":"2023-07-12T10:51:10","slug":"acerca-de-nosotros","status":"publish","type":"page","link":"https:\/\/familyholidayscroatia.com\/es\/about-us\/","title":{"rendered":"Qui\u00e9nes somos"},"content":{"rendered":"<p>Siempre me ha fascinado viajar, y mi camino me llev\u00f3 a muchas tierras lejanas. Esta pasi\u00f3n me acompa\u00f1\u00f3 incluso despu\u00e9s de tener a mi primog\u00e9nito. Pero viajar con un ni\u00f1o al principio planteaba varios retos y requer\u00eda ciertos ajustes.<\/p>\n\n\n\n<p>Con los a\u00f1os, me di cuenta de que es por lo que pasan todas las familias cuando planifican sus vacaciones. No porque tener un hijo sea intr\u00ednsecamente dif\u00edcil, sino por la falta de opciones para viajar en familia. No me sorprendi\u00f3 demasiado: no conocer los factores limitantes significa que no se puede trabajar en torno a ellos.<\/p>\n\n\n\n<p>Pero como <strong>madre<\/strong>S\u00ed.<\/p>\n\n\n\n<figure class=\"wp-block-image size-large\"><img loading=\"lazy\" decoding=\"async\" width=\"768\" height=\"1024\" src=\"https:\/\/familyholidayscroatia.com\/wp-content\/uploads\/photo-1-4-768x1024.webp\" alt=\"Foto\" class=\"wp-image-467\" srcset=\"https:\/\/familyholidayscroatia.com\/wp-content\/uploads\/photo-1-4-768x1024.webp 768w, https:\/\/familyholidayscroatia.com\/wp-content\/uploads\/photo-1-4-225x300.webp 225w, https:\/\/familyholidayscroatia.com\/wp-content\/uploads\/photo-1-4-1152x1536.webp 1152w, https:\/\/familyholidayscroatia.com\/wp-content\/uploads\/photo-1-4-9x12.webp 9w, https:\/\/familyholidayscroatia.com\/wp-content\/uploads\/photo-1-4.webp 1500w\" sizes=\"auto, (max-width: 768px) 100vw, 768px\" \/><\/figure>\n\n\n\n<p>Decid\u00ed empezar por un pa\u00eds que conozco como la palma de mi mano: Croacia. A\u00f1os de experiencia y exploraci\u00f3n me han proporcionado los conocimientos suficientes para dise\u00f1ar viajes adaptados a las familias para descubrir el paradis\u00edaco mundo de este impresionante pa\u00eds.<\/p>\n\n\n\n<p>Y as\u00ed naci\u00f3 mi segundo hijo en forma de esta empresa: Family Holidays Croatia.<\/p>\n\n\n\n<figure class=\"wp-block-image size-large\"><img loading=\"lazy\" decoding=\"async\" width=\"768\" height=\"1024\" src=\"https:\/\/familyholidayscroatia.com\/wp-content\/uploads\/img-1-1-768x1024.webp\" alt=\"Familia Ava\" class=\"wp-image-419\" srcset=\"https:\/\/familyholidayscroatia.com\/wp-content\/uploads\/img-1-1-768x1024.webp 768w, https:\/\/familyholidayscroatia.com\/wp-content\/uploads\/img-1-1-225x300.webp 225w, https:\/\/familyholidayscroatia.com\/wp-content\/uploads\/img-1-1-1152x1536.webp 1152w, https:\/\/familyholidayscroatia.com\/wp-content\/uploads\/img-1-1-9x12.webp 9w, https:\/\/familyholidayscroatia.com\/wp-content\/uploads\/img-1-1.webp 1200w\" sizes=\"auto, (max-width: 768px) 100vw, 768px\" \/><\/figure>\n\n\n\n<h2 class=\"wp-block-heading\">Croacia, para\u00edso para las familias<\/h2>\n\n\n\n<p>Croacia es el destino perfecto para las familias que buscan una mezcla \u00fanica de cultura, aventura y relax. Con sus kil\u00f3metros de <strong>playas v\u00edrgenes, aguas cristalinas y una naturaleza intacta<\/strong>Croacia ofrece a las familias la oportunidad de escapar del ajetreo y el bullicio de la vida cotidiana y volver a conectar con la naturaleza.<\/p>\n\n\n\n<p>Una de las mejores cosas de Croacia es su <strong>rica historia y cultura<\/strong>. Las familias pueden explorar antiguas ruinas romanas, castillos medievales y peque\u00f1as ciudades con encanto, todo ello mientras aprenden sobre el fascinante pasado del pa\u00eds. Para los aventureros, Croacia ofrece una amplia gama de actividades al aire libre, como senderismo, ciclismo y deportes acu\u00e1ticos. Y para los que prefieren relajarse, las playas y balnearios de Croacia ofrecen la oportunidad perfecta para desconectar y tomar el sol.<\/p>\n\n\n\n<p>Teniendo en cuenta todo esto, enfocamos las vacaciones familiares en Croacia de forma ligeramente distinta a la mayor\u00eda. Creemos que los hoteles con todo incluido y los complejos tur\u00edsticos en un solo lugar no representan la aut\u00e9ntica experiencia en Croacia. En nuestras vacaciones, nuestro objetivo es mostrarle tantos <strong>joyas conocidas y ocultas<\/strong> como sea posible, ya que el tama\u00f1o del pa\u00eds permite visitar varios en poco tiempo.<\/p>\n\n\n\n<figure class=\"wp-block-image size-large\"><img loading=\"lazy\" decoding=\"async\" width=\"769\" height=\"1024\" src=\"https:\/\/familyholidayscroatia.com\/wp-content\/uploads\/photo-1-3-769x1024.webp\" alt=\"Foto\" class=\"wp-image-463\" srcset=\"https:\/\/familyholidayscroatia.com\/wp-content\/uploads\/photo-1-3-769x1024.webp 769w, https:\/\/familyholidayscroatia.com\/wp-content\/uploads\/photo-1-3-225x300.webp 225w, https:\/\/familyholidayscroatia.com\/wp-content\/uploads\/photo-1-3-768x1022.webp 768w, https:\/\/familyholidayscroatia.com\/wp-content\/uploads\/photo-1-3-1154x1536.webp 1154w, https:\/\/familyholidayscroatia.com\/wp-content\/uploads\/photo-1-3-9x12.webp 9w, https:\/\/familyholidayscroatia.com\/wp-content\/uploads\/photo-1-3.webp 1232w\" sizes=\"auto, (max-width: 769px) 100vw, 769px\" \/><\/figure>\n\n\n\n<h2 class=\"wp-block-heading\">Reserve unas vacaciones familiares con nosotros<\/h2>\n\n\n\n<p>En Family Holidays Croatia, nuestro equipo de viajeros apasionados se dedica a ayudar a las familias a aprovechar al m\u00e1ximo su estancia en Croacia. Entendemos que planificar unas vacaciones en familia puede ser abrumador. Por ello, ofrecemos servicios para ayudar a familias como la suya a <strong>planificar su<\/strong> <strong>itinerarios, encontrar actividades adecuadas y reservar alojamiento<\/strong>.&nbsp;<\/p>\n\n\n\n<p>Nuestro objetivo es hacer que las vacaciones de su familia sean lo menos estresantes y lo m\u00e1s agradables posible, para que usted pueda centrarse en crear recuerdos que durar\u00e1n toda la vida.<\/p>\n\n\n\n<p>Le invitamos a visitar nuestro sitio web, <a href=\"https:\/\/familyholidayscroatia.com\/es\/\">Vacaciones en familia en Croacia<\/a>para saber m\u00e1s sobre nuestros servicios y <a href=\"https:\/\/familyholidayscroatia.com\/es\/consulta\/\">env\u00edenos una consulta<\/a> si est\u00e1 interesado. Perm\u00edtanos ayudarle a planificar las vacaciones familiares perfectas en Croacia.<\/p>\n\n\n\n<figure class=\"wp-block-image size-large\"><img loading=\"lazy\" decoding=\"async\" width=\"1024\" height=\"683\" src=\"https:\/\/familyholidayscroatia.com\/wp-content\/uploads\/secluded-beach-croatia-1024x683.webp\" alt=\"Playas v\u00edrgenes\" class=\"wp-image-299\" srcset=\"https:\/\/familyholidayscroatia.com\/wp-content\/uploads\/secluded-beach-croatia-1024x683.webp 1024w, https:\/\/familyholidayscroatia.com\/wp-content\/uploads\/secluded-beach-croatia-300x200.webp 300w, https:\/\/familyholidayscroatia.com\/wp-content\/uploads\/secluded-beach-croatia-768x512.webp 768w, https:\/\/familyholidayscroatia.com\/wp-content\/uploads\/secluded-beach-croatia-1536x1024.webp 1536w, https:\/\/familyholidayscroatia.com\/wp-content\/uploads\/secluded-beach-croatia-2048x1365.webp 2048w, https:\/\/familyholidayscroatia.com\/wp-content\/uploads\/secluded-beach-croatia-18x12.webp 18w, https:\/\/familyholidayscroatia.com\/wp-content\/uploads\/secluded-beach-croatia-scaled.webp 1920w\" sizes=\"auto, (max-width: 1024px) 100vw, 1024px\" \/><\/figure>\n\n\n\n<p>Tambi\u00e9n hay otras formas de disfrutar de Croacia, as\u00ed que puede consultar a nuestros socios si alguno le llama la atenci\u00f3n:<\/p>\n\n\n\n<ul class=\"wp-block-list\">\n<li><a href=\"https:\/\/croatia-tours.com\/\">Viajes a Croacia<\/a><\/li>\n\n\n\n<li><a href=\"https:\/\/activityholidayscroatia.com\/\">Vacaciones activas en Croacia<\/a><\/li>\n\n\n\n<li><a href=\"https:\/\/croatiaislandcruises.com\/\">Cruceros por las islas de Croacia<\/a><\/li>\n\n\n\n<li><a href=\"https:\/\/luxuryyachtchartercroatia.com\/\">Alquiler Barcos De Lujo Croacia<\/a><\/li>\n\n\n\n<li><a href=\"https:\/\/croatia-gulet.com\/\">Goleta Croacia<\/a><\/li>\n\n\n\n<li><a href=\"https:\/\/smallshipcruisescroatia.com\/\">Cruceros en peque\u00f1os buques por Croacia<\/a><\/li>\n\n\n\n<li><a href=\"https:\/\/bikeandboatcroatia.com\/\">Bicicleta y barco Croacia<\/a><\/li>\n\n\n\n<li><a href=\"https:\/\/cyclingholidayscroatia.com\/\">Vacaciones en bicicleta en Croacia<\/a><\/li>\n\n\n\n<li><a href=\"https:\/\/walkingholidayscroatia.com\/\">Vacaciones a pie en Croacia<\/a><\/li>\n<\/ul>\n\n\n\n<p>O si es el destino el que no est\u00e1 a la altura de sus preferencias, puede consultar nuestros socios en otros pa\u00edses:<\/p>\n\n\n\n<ul class=\"wp-block-list\">\n<li><a href=\"https:\/\/sloveniafamilyholidays.com\/\">Eslovenia Vacaciones en familia<\/a><\/li>\n<\/ul>","protected":false},"excerpt":{"rendered":"<p>Siempre me ha fascinado viajar, y mi camino me llev\u00f3 a muchas tierras lejanas. Esta pasi\u00f3n me acompa\u00f1\u00f3 incluso despu\u00e9s de tener a mi primog\u00e9nito. Pero viajar con un ni\u00f1o al principio planteaba varios retos y requer\u00eda ciertos ajustes. Con los a\u00f1os, me di cuenta de que es por lo que pasan todas las familias cuando planifican ... <a href=\"https:\/\/familyholidayscroatia.com\/es\/about-us\/\">Contin\u00faa en<\/a><\/p>","protected":false},"author":36,"featured_media":208,"parent":0,"menu_order":0,"comment_status":"open","ping_status":"open","template":"","meta":{"footnotes":""},"class_list":["post-39","page","type-page","status-publish","has-post-thumbnail","hentry"],"acf":{"page_subheading":"Providing safe and enjoyable experiences for parents and children, our team loves nothing more than showing you Croatia\u2019s best bits \u2014 meet us!"},"_links":{"self":[{"href":"https:\/\/familyholidayscroatia.com\/es\/wp-json\/wp\/v2\/pages\/39","targetHints":{"allow":["GET"]}}],"collection":[{"href":"https:\/\/familyholidayscroatia.com\/es\/wp-json\/wp\/v2\/pages"}],"about":[{"href":"https:\/\/familyholidayscroatia.com\/es\/wp-json\/wp\/v2\/types\/page"}],"author":[{"embeddable":true,"href":"https:\/\/familyholidayscroatia.com\/es\/wp-json\/wp\/v2\/users\/36"}],"replies":[{"embeddable":true,"href":"https:\/\/familyholidayscroatia.com\/es\/wp-json\/wp\/v2\/comments?post=39"}],"version-history":[{"count":18,"href":"https:\/\/familyholidayscroatia.com\/es\/wp-json\/wp\/v2\/pages\/39\/revisions"}],"predecessor-version":[{"id":2386,"href":"https:\/\/familyholidayscroatia.com\/es\/wp-json\/wp\/v2\/pages\/39\/revisions\/2386"}],"wp:featuredmedia":[{"embeddable":true,"href":"https:\/\/familyholidayscroatia.com\/es\/wp-json\/wp\/v2\/media\/208"}],"wp:attachment":[{"href":"https:\/\/familyholidayscroatia.com\/es\/wp-json\/wp\/v2\/media?parent=39"}],"curies":[{"name":"wp","href":"https:\/\/api.w.org\/{rel}","templated":true}]}}