{"id":39,"date":"2023-01-16T13:14:25","date_gmt":"2023-01-16T13:14:25","guid":{"rendered":"http:\/\/familyholidayscroatia.com\/about-us\/"},"modified":"2023-07-12T10:51:10","modified_gmt":"2023-07-12T10:51:10","slug":"a-propos-de-nous","status":"publish","type":"page","link":"https:\/\/familyholidayscroatia.com\/fr\/about-us\/","title":{"rendered":"A propos de nous"},"content":{"rendered":"<p>J'ai toujours \u00e9t\u00e9 fascin\u00e9e par les voyages et mon parcours m'a conduite dans de nombreuses contr\u00e9es lointaines. Cette passion m'a poursuivie m\u00eame apr\u00e8s la naissance de mon premier enfant. Mais voyager avec un enfant a d'abord pos\u00e9 plusieurs d\u00e9fis et n\u00e9cessit\u00e9 certains ajustements.<\/p>\n\n\n\n<p>Au fil des ans, je me suis rendu compte que c'est ce que vivent toutes les familles lorsqu'elles planifient leurs vacances. Non pas parce qu'avoir un enfant est intrins\u00e8quement difficile, mais en raison du manque d'options de voyage adapt\u00e9es aux familles. Cela n'a pas \u00e9t\u00e9 une grande surprise : ne pas conna\u00eetre les facteurs limitants signifie que l'on ne peut pas les contourner.<\/p>\n\n\n\n<p>Mais en tant que <strong>m\u00e8re<\/strong>Je le fais.<\/p>\n\n\n\n<figure class=\"wp-block-image size-large\"><img loading=\"lazy\" decoding=\"async\" width=\"768\" height=\"1024\" src=\"https:\/\/familyholidayscroatia.com\/wp-content\/uploads\/photo-1-4-768x1024.webp\" alt=\"Photo\" class=\"wp-image-467\" srcset=\"https:\/\/familyholidayscroatia.com\/wp-content\/uploads\/photo-1-4-768x1024.webp 768w, https:\/\/familyholidayscroatia.com\/wp-content\/uploads\/photo-1-4-225x300.webp 225w, https:\/\/familyholidayscroatia.com\/wp-content\/uploads\/photo-1-4-1152x1536.webp 1152w, https:\/\/familyholidayscroatia.com\/wp-content\/uploads\/photo-1-4-9x12.webp 9w, https:\/\/familyholidayscroatia.com\/wp-content\/uploads\/photo-1-4.webp 1500w\" sizes=\"auto, (max-width: 768px) 100vw, 768px\" \/><\/figure>\n\n\n\n<p>J'ai d\u00e9cid\u00e9 de commencer par un pays que je connais comme ma poche : la Croatie. Des ann\u00e9es d'exp\u00e9rience et d'exploration m'ont permis d'acqu\u00e9rir suffisamment de connaissances pour concevoir des circuits adapt\u00e9s aux familles afin de d\u00e9couvrir le monde paradisiaque de ce pays \u00e9poustouflant.<\/p>\n\n\n\n<p>C'est ainsi qu'est n\u00e9 mon deuxi\u00e8me enfant sous la forme de cette entreprise - Family Holidays Croatia.<\/p>\n\n\n\n<figure class=\"wp-block-image size-large\"><img loading=\"lazy\" decoding=\"async\" width=\"768\" height=\"1024\" src=\"https:\/\/familyholidayscroatia.com\/wp-content\/uploads\/img-1-1-768x1024.webp\" alt=\"Famille Ava\" class=\"wp-image-419\" srcset=\"https:\/\/familyholidayscroatia.com\/wp-content\/uploads\/img-1-1-768x1024.webp 768w, https:\/\/familyholidayscroatia.com\/wp-content\/uploads\/img-1-1-225x300.webp 225w, https:\/\/familyholidayscroatia.com\/wp-content\/uploads\/img-1-1-1152x1536.webp 1152w, https:\/\/familyholidayscroatia.com\/wp-content\/uploads\/img-1-1-9x12.webp 9w, https:\/\/familyholidayscroatia.com\/wp-content\/uploads\/img-1-1.webp 1200w\" sizes=\"auto, (max-width: 768px) 100vw, 768px\" \/><\/figure>\n\n\n\n<h2 class=\"wp-block-heading\">La Croatie, un paradis pour les familles<\/h2>\n\n\n\n<p>La Croatie est la destination id\u00e9ale pour les familles qui souhaitent faire l'exp\u00e9rience d'un m\u00e9lange unique de culture, d'aventure et de d\u00e9tente. Avec ses kilom\u00e8tres de <strong>des plages immacul\u00e9es, des eaux cristallines et une beaut\u00e9 naturelle intacte<\/strong>La Croatie offre aux familles la possibilit\u00e9 d'\u00e9chapper \u00e0 l'agitation de la vie quotidienne et de renouer avec la nature.<\/p>\n\n\n\n<p>L'un des meilleurs atouts de la Croatie est sa <strong>une histoire et une culture riches<\/strong>. Les familles peuvent explorer d'anciennes ruines romaines, des ch\u00e2teaux m\u00e9di\u00e9vaux et de charmantes petites villes, tout en d\u00e9couvrant le pass\u00e9 fascinant du pays. Pour ceux qui recherchent l'aventure, la Croatie offre un large \u00e9ventail d'activit\u00e9s de plein air, telles que la randonn\u00e9e, le v\u00e9lo et les sports nautiques. Et pour ceux qui pr\u00e9f\u00e8rent se d\u00e9tendre, les plages et les spas de Croatie sont l'occasion id\u00e9ale de se relaxer et de profiter du soleil.<\/p>\n\n\n\n<p>Compte tenu de tout cela, nous avons abord\u00e9 la question des vacances en famille en Croatie un peu diff\u00e9remment de la plupart des gens. Nous pensons que les h\u00f4tels tout compris et les centres de vill\u00e9giature situ\u00e9s \u00e0 un seul endroit ne repr\u00e9sentent pas l'exp\u00e9rience authentique de la Croatie. Lors de nos vacances, nous nous effor\u00e7ons de vous faire d\u00e9couvrir le plus grand nombre possible d'h\u00f4tels et de centres de vill\u00e9giature. <strong>les joyaux connus et cach\u00e9s<\/strong> La taille du pays permet d'en visiter plusieurs dans un court laps de temps.<\/p>\n\n\n\n<figure class=\"wp-block-image size-large\"><img loading=\"lazy\" decoding=\"async\" width=\"769\" height=\"1024\" src=\"https:\/\/familyholidayscroatia.com\/wp-content\/uploads\/photo-1-3-769x1024.webp\" alt=\"Photo\" class=\"wp-image-463\" srcset=\"https:\/\/familyholidayscroatia.com\/wp-content\/uploads\/photo-1-3-769x1024.webp 769w, https:\/\/familyholidayscroatia.com\/wp-content\/uploads\/photo-1-3-225x300.webp 225w, https:\/\/familyholidayscroatia.com\/wp-content\/uploads\/photo-1-3-768x1022.webp 768w, https:\/\/familyholidayscroatia.com\/wp-content\/uploads\/photo-1-3-1154x1536.webp 1154w, https:\/\/familyholidayscroatia.com\/wp-content\/uploads\/photo-1-3-9x12.webp 9w, https:\/\/familyholidayscroatia.com\/wp-content\/uploads\/photo-1-3.webp 1232w\" sizes=\"auto, (max-width: 769px) 100vw, 769px\" \/><\/figure>\n\n\n\n<h2 class=\"wp-block-heading\">R\u00e9servez des vacances en famille avec nous !<\/h2>\n\n\n\n<p>Chez Family Holidays Croatia, notre \u00e9quipe de voyageurs passionn\u00e9s a pour mission d'aider les familles \u00e0 tirer le meilleur parti de leur s\u00e9jour en Croatie. Nous comprenons que l'organisation de vacances en famille peut s'av\u00e9rer difficile. C'est pourquoi nous proposons des services pour aider les familles comme la v\u00f4tre <strong>planifier leur<\/strong> <strong>des itin\u00e9raires, des activit\u00e9s appropri\u00e9es et des r\u00e9servations d'h\u00e9bergement.<\/strong>.&nbsp;<\/p>\n\n\n\n<p>Notre objectif est de rendre les vacances de votre famille les moins stressantes et les plus agr\u00e9ables possible, afin que vous puissiez vous concentrer sur la cr\u00e9ation de souvenirs qui dureront toute une vie.<\/p>\n\n\n\n<p>Nous vous invitons \u00e0 visiter notre site web, <a href=\"https:\/\/familyholidayscroatia.com\/fr\/\">Vacances en famille en Croatie<\/a>pour en savoir plus sur nos services et pour <a href=\"https:\/\/familyholidayscroatia.com\/fr\/enquete\/\">envoyez-nous une demande de renseignements<\/a> si vous \u00eates int\u00e9ress\u00e9. Laissez-nous vous aider \u00e0 organiser des vacances familiales parfaites en Croatie.<\/p>\n\n\n\n<figure class=\"wp-block-image size-large\"><img loading=\"lazy\" decoding=\"async\" width=\"1024\" height=\"683\" src=\"https:\/\/familyholidayscroatia.com\/wp-content\/uploads\/secluded-beach-croatia-1024x683.webp\" alt=\"Plages immacul\u00e9es\" class=\"wp-image-299\" srcset=\"https:\/\/familyholidayscroatia.com\/wp-content\/uploads\/secluded-beach-croatia-1024x683.webp 1024w, https:\/\/familyholidayscroatia.com\/wp-content\/uploads\/secluded-beach-croatia-300x200.webp 300w, https:\/\/familyholidayscroatia.com\/wp-content\/uploads\/secluded-beach-croatia-768x512.webp 768w, https:\/\/familyholidayscroatia.com\/wp-content\/uploads\/secluded-beach-croatia-1536x1024.webp 1536w, https:\/\/familyholidayscroatia.com\/wp-content\/uploads\/secluded-beach-croatia-2048x1365.webp 2048w, https:\/\/familyholidayscroatia.com\/wp-content\/uploads\/secluded-beach-croatia-18x12.webp 18w, https:\/\/familyholidayscroatia.com\/wp-content\/uploads\/secluded-beach-croatia-scaled.webp 1920w\" sizes=\"auto, (max-width: 1024px) 100vw, 1024px\" \/><\/figure>\n\n\n\n<p>Il existe \u00e9galement d'autres fa\u00e7ons de profiter de la Croatie. Vous pouvez donc consulter nos partenaires si certains d'entre eux retiennent votre attention :<\/p>\n\n\n\n<ul class=\"wp-block-list\">\n<li><a href=\"https:\/\/croatia-tours.com\/\">Voyages en Croatie<\/a><\/li>\n\n\n\n<li><a href=\"https:\/\/activityholidayscroatia.com\/\">Vacances d'activit\u00e9s en Croatie<\/a><\/li>\n\n\n\n<li><a href=\"https:\/\/croatiaislandcruises.com\/\">Croisi\u00e8res sur les \u00eeles de Croatie<\/a><\/li>\n\n\n\n<li><a href=\"https:\/\/luxuryyachtchartercroatia.com\/\">Location de bateaux de luxe en Croatie<\/a><\/li>\n\n\n\n<li><a href=\"https:\/\/croatia-gulet.com\/\">Gulet Croatie<\/a><\/li>\n\n\n\n<li><a href=\"https:\/\/smallshipcruisescroatia.com\/\">Petites croisi\u00e8res en Croatie<\/a><\/li>\n\n\n\n<li><a href=\"https:\/\/bikeandboatcroatia.com\/\">V\u00e9lo et bateau Croatie<\/a><\/li>\n\n\n\n<li><a href=\"https:\/\/cyclingholidayscroatia.com\/\">Vacances \u00e0 v\u00e9lo en Croatie<\/a><\/li>\n\n\n\n<li><a href=\"https:\/\/walkingholidayscroatia.com\/\">Vacances \u00e0 pied en Croatie<\/a><\/li>\n<\/ul>\n\n\n\n<p>Si la destination ne correspond pas \u00e0 vos pr\u00e9f\u00e9rences, vous pouvez consulter nos partenaires dans d'autres pays :<\/p>\n\n\n\n<ul class=\"wp-block-list\">\n<li><a href=\"https:\/\/sloveniafamilyholidays.com\/\">Vacances en famille en Slov\u00e9nie<\/a><\/li>\n<\/ul>","protected":false},"excerpt":{"rendered":"<p>J'ai toujours \u00e9t\u00e9 fascin\u00e9e par les voyages et mon parcours m'a conduite dans de nombreuses contr\u00e9es lointaines. Cette passion ne m'a pas quitt\u00e9e, m\u00eame apr\u00e8s la naissance de mon premier enfant. Mais voyager avec un enfant a d'abord pos\u00e9 plusieurs d\u00e9fis et n\u00e9cessit\u00e9 certains ajustements. Au fil des ans, je me suis rendu compte que c'est ce que vivent toutes les familles lorsqu'elles ... <a href=\"https:\/\/familyholidayscroatia.com\/fr\/about-us\/\">Suite<\/a><\/p>","protected":false},"author":36,"featured_media":208,"parent":0,"menu_order":0,"comment_status":"open","ping_status":"open","template":"","meta":{"footnotes":""},"class_list":["post-39","page","type-page","status-publish","has-post-thumbnail","hentry"],"acf":{"page_subheading":"Providing safe and enjoyable experiences for parents and children, our team loves nothing more than showing you Croatia\u2019s best bits \u2014 meet us!"},"_links":{"self":[{"href":"https:\/\/familyholidayscroatia.com\/fr\/wp-json\/wp\/v2\/pages\/39","targetHints":{"allow":["GET"]}}],"collection":[{"href":"https:\/\/familyholidayscroatia.com\/fr\/wp-json\/wp\/v2\/pages"}],"about":[{"href":"https:\/\/familyholidayscroatia.com\/fr\/wp-json\/wp\/v2\/types\/page"}],"author":[{"embeddable":true,"href":"https:\/\/familyholidayscroatia.com\/fr\/wp-json\/wp\/v2\/users\/36"}],"replies":[{"embeddable":true,"href":"https:\/\/familyholidayscroatia.com\/fr\/wp-json\/wp\/v2\/comments?post=39"}],"version-history":[{"count":18,"href":"https:\/\/familyholidayscroatia.com\/fr\/wp-json\/wp\/v2\/pages\/39\/revisions"}],"predecessor-version":[{"id":2386,"href":"https:\/\/familyholidayscroatia.com\/fr\/wp-json\/wp\/v2\/pages\/39\/revisions\/2386"}],"wp:featuredmedia":[{"embeddable":true,"href":"https:\/\/familyholidayscroatia.com\/fr\/wp-json\/wp\/v2\/media\/208"}],"wp:attachment":[{"href":"https:\/\/familyholidayscroatia.com\/fr\/wp-json\/wp\/v2\/media?parent=39"}],"curies":[{"name":"wp","href":"https:\/\/api.w.org\/{rel}","templated":true}]}}