{"id":39,"date":"2023-01-16T13:14:25","date_gmt":"2023-01-16T13:14:25","guid":{"rendered":"http:\/\/familyholidayscroatia.com\/about-us\/"},"modified":"2023-07-12T10:51:10","modified_gmt":"2023-07-12T10:51:10","slug":"om-oss","status":"publish","type":"page","link":"https:\/\/familyholidayscroatia.com\/sv\/about-us\/","title":{"rendered":"Om oss"},"content":{"rendered":"<p>Jag har alltid varit fascinerad av att resa, och min v\u00e4g tog mig till m\u00e5nga avl\u00e4gsna l\u00e4nder. Denna passion fanns kvar hos mig \u00e4ven efter att jag f\u00e5tt min f\u00f6rstf\u00f6dda. Men att resa med ett barn innebar till en b\u00f6rjan flera utmaningar och kr\u00e4vde vissa anpassningar.<\/p>\n\n\n\n<p>Med \u00e5ren ins\u00e5g jag att det \u00e4r vad alla familjer g\u00e5r igenom n\u00e4r de planerar sin semester. Inte f\u00f6r att det i sig \u00e4r en utmaning att ha barn, utan p\u00e5 grund av bristen p\u00e5 familjev\u00e4nliga resealternativ. Det kom inte som n\u00e5gon st\u00f6rre \u00f6verraskning - att inte k\u00e4nna till de begr\u00e4nsande faktorerna inneb\u00e4r att man inte kan arbeta runt dem.<\/p>\n\n\n\n<p>Men som en <strong>moder<\/strong>Det g\u00f6r jag.<\/p>\n\n\n\n<figure class=\"wp-block-image size-large\"><img loading=\"lazy\" decoding=\"async\" width=\"768\" height=\"1024\" src=\"https:\/\/familyholidayscroatia.com\/wp-content\/uploads\/photo-1-4-768x1024.webp\" alt=\"Foto\" class=\"wp-image-467\" srcset=\"https:\/\/familyholidayscroatia.com\/wp-content\/uploads\/photo-1-4-768x1024.webp 768w, https:\/\/familyholidayscroatia.com\/wp-content\/uploads\/photo-1-4-225x300.webp 225w, https:\/\/familyholidayscroatia.com\/wp-content\/uploads\/photo-1-4-1152x1536.webp 1152w, https:\/\/familyholidayscroatia.com\/wp-content\/uploads\/photo-1-4-9x12.webp 9w, https:\/\/familyholidayscroatia.com\/wp-content\/uploads\/photo-1-4.webp 1500w\" sizes=\"auto, (max-width: 768px) 100vw, 768px\" \/><\/figure>\n\n\n\n<p>Jag best\u00e4mde mig f\u00f6r att b\u00f6rja i liten skala med ett \u00e4lskat land som jag k\u00e4nner som min egen bakficka - Kroatien. \u00c5r av erfarenhet och utforskning gav mig tillr\u00e4ckligt med kunskap f\u00f6r att utforma familjeanpassade turer f\u00f6r att uppt\u00e4cka paradisv\u00e4rlden i detta fantastiska land.<\/p>\n\n\n\n<p>Och det var s\u00e5 mitt andra barn i form av detta f\u00f6retag f\u00f6ddes - Family Holidays Croatia.<\/p>\n\n\n\n<figure class=\"wp-block-image size-large\"><img loading=\"lazy\" decoding=\"async\" width=\"768\" height=\"1024\" src=\"https:\/\/familyholidayscroatia.com\/wp-content\/uploads\/img-1-1-768x1024.webp\" alt=\"Familjen Ava\" class=\"wp-image-419\" srcset=\"https:\/\/familyholidayscroatia.com\/wp-content\/uploads\/img-1-1-768x1024.webp 768w, https:\/\/familyholidayscroatia.com\/wp-content\/uploads\/img-1-1-225x300.webp 225w, https:\/\/familyholidayscroatia.com\/wp-content\/uploads\/img-1-1-1152x1536.webp 1152w, https:\/\/familyholidayscroatia.com\/wp-content\/uploads\/img-1-1-9x12.webp 9w, https:\/\/familyholidayscroatia.com\/wp-content\/uploads\/img-1-1.webp 1200w\" sizes=\"auto, (max-width: 768px) 100vw, 768px\" \/><\/figure>\n\n\n\n<h2 class=\"wp-block-heading\">Kroatien - ett paradis f\u00f6r familjer<\/h2>\n\n\n\n<p>Kroatien \u00e4r det perfekta resm\u00e5let f\u00f6r familjer som vill uppleva en unik blandning av kultur, \u00e4ventyr och avkoppling. Med sina milsl\u00e5nga <strong>or\u00f6rda str\u00e4nder, kristallklart vatten och of\u00f6rst\u00f6rd natursk\u00f6nhet<\/strong>, Kroatien erbjuder familjer en chans att fly vardagens stress och j\u00e4kt och \u00e5terknyta kontakten med naturen.<\/p>\n\n\n\n<p>En av de b\u00e4sta sakerna med Kroatien \u00e4r dess <strong>rik historia och kultur<\/strong>. Familjer kan utforska gamla romerska ruiner, medeltida slott och charmiga sm\u00e5st\u00e4der, allt medan de l\u00e4r sig om landets fascinerande f\u00f6rflutna. F\u00f6r den \u00e4ventyrslystne erbjuder Kroatien ett brett utbud av utomhusaktiviteter, som vandring, cykling och vattensporter. Och f\u00f6r dem som f\u00f6redrar att koppla av erbjuder Kroatiens str\u00e4nder och spa det perfekta tillf\u00e4llet att varva ner och njuta av solen.<\/p>\n\n\n\n<p>Med tanke p\u00e5 allt detta n\u00e4rmade vi oss fr\u00e5gan om familjesemester i Kroatien p\u00e5 ett lite annorlunda s\u00e4tt \u00e4n de flesta. Vi anser att all inclusive-hotell och resorter p\u00e5 en och samma plats inte representerar den autentiska upplevelsen i Kroatien. P\u00e5 v\u00e5ra semestrar str\u00e4var vi efter att visa dig s\u00e5 m\u00e5nga <strong>v\u00e4lk\u00e4nda och dolda p\u00e4rlor<\/strong> som m\u00f6jligt, eftersom landets storlek g\u00f6r att du kan bes\u00f6ka flera inom en kort tidsperiod.<\/p>\n\n\n\n<figure class=\"wp-block-image size-large\"><img loading=\"lazy\" decoding=\"async\" width=\"769\" height=\"1024\" src=\"https:\/\/familyholidayscroatia.com\/wp-content\/uploads\/photo-1-3-769x1024.webp\" alt=\"Foto\" class=\"wp-image-463\" srcset=\"https:\/\/familyholidayscroatia.com\/wp-content\/uploads\/photo-1-3-769x1024.webp 769w, https:\/\/familyholidayscroatia.com\/wp-content\/uploads\/photo-1-3-225x300.webp 225w, https:\/\/familyholidayscroatia.com\/wp-content\/uploads\/photo-1-3-768x1022.webp 768w, https:\/\/familyholidayscroatia.com\/wp-content\/uploads\/photo-1-3-1154x1536.webp 1154w, https:\/\/familyholidayscroatia.com\/wp-content\/uploads\/photo-1-3-9x12.webp 9w, https:\/\/familyholidayscroatia.com\/wp-content\/uploads\/photo-1-3.webp 1232w\" sizes=\"auto, (max-width: 769px) 100vw, 769px\" \/><\/figure>\n\n\n\n<h2 class=\"wp-block-heading\">Boka en familjesemester med oss!<\/h2>\n\n\n\n<p>P\u00e5 Family Holidays Croatia \u00e4r v\u00e5rt team av passionerade resen\u00e4rer dedikerade till att hj\u00e4lpa familjer att f\u00e5 ut det mesta av sin tid i Kroatien. Vi f\u00f6rst\u00e5r att det kan vara \u00f6verv\u00e4ldigande att planera en familjesemester. D\u00e4rf\u00f6r erbjuder vi tj\u00e4nster som hj\u00e4lper familjer som din <strong>planera sin<\/strong> <strong>resplaner, hitta l\u00e4mpliga aktiviteter och boka boende<\/strong>.&nbsp;<\/p>\n\n\n\n<p>V\u00e5rt m\u00e5l \u00e4r att g\u00f6ra din familjs semester s\u00e5 stressfri och trevlig som m\u00f6jligt, s\u00e5 att du kan fokusera p\u00e5 att skapa minnen som kommer att vara livet ut.<\/p>\n\n\n\n<p>Vi inbjuder dig att bes\u00f6ka v\u00e5r webbplats, <a href=\"https:\/\/familyholidayscroatia.com\/sv\/\">Familjesemester Kroatien<\/a>, f\u00f6r att f\u00e5 veta mer om v\u00e5ra tj\u00e4nster och f\u00f6r att <a href=\"https:\/\/familyholidayscroatia.com\/sv\/undersokning\/\">skicka oss en f\u00f6rfr\u00e5gan<\/a> om du \u00e4r intresserad. L\u00e5t oss hj\u00e4lpa dig att planera den perfekta familjesemestern i Kroatien.<\/p>\n\n\n\n<figure class=\"wp-block-image size-large\"><img loading=\"lazy\" decoding=\"async\" width=\"1024\" height=\"683\" src=\"https:\/\/familyholidayscroatia.com\/wp-content\/uploads\/secluded-beach-croatia-1024x683.webp\" alt=\"Of\u00f6rst\u00f6rda str\u00e4nder\" class=\"wp-image-299\" srcset=\"https:\/\/familyholidayscroatia.com\/wp-content\/uploads\/secluded-beach-croatia-1024x683.webp 1024w, https:\/\/familyholidayscroatia.com\/wp-content\/uploads\/secluded-beach-croatia-300x200.webp 300w, https:\/\/familyholidayscroatia.com\/wp-content\/uploads\/secluded-beach-croatia-768x512.webp 768w, https:\/\/familyholidayscroatia.com\/wp-content\/uploads\/secluded-beach-croatia-1536x1024.webp 1536w, https:\/\/familyholidayscroatia.com\/wp-content\/uploads\/secluded-beach-croatia-2048x1365.webp 2048w, https:\/\/familyholidayscroatia.com\/wp-content\/uploads\/secluded-beach-croatia-18x12.webp 18w, https:\/\/familyholidayscroatia.com\/wp-content\/uploads\/secluded-beach-croatia-scaled.webp 1920w\" sizes=\"auto, (max-width: 1024px) 100vw, 1024px\" \/><\/figure>\n\n\n\n<p>Det finns ocks\u00e5 andra s\u00e4tt att njuta av Kroatien, s\u00e5 du kan titta p\u00e5 v\u00e5ra partners om n\u00e5gra f\u00e5ngar din uppm\u00e4rksamhet:<\/p>\n\n\n\n<ul class=\"wp-block-list\">\n<li><a href=\"https:\/\/croatia-tours.com\/\">Resor till Kroatien<\/a><\/li>\n\n\n\n<li><a href=\"https:\/\/activityholidayscroatia.com\/\">Aktiv semester Kroatien<\/a><\/li>\n\n\n\n<li><a href=\"https:\/\/croatiaislandcruises.com\/\">Kryssningar p\u00e5 \u00f6ar i Kroatien<\/a><\/li>\n\n\n\n<li><a href=\"https:\/\/luxuryyachtchartercroatia.com\/\">Lyx Yacht Charter Kroatien<\/a><\/li>\n\n\n\n<li><a href=\"https:\/\/croatia-gulet.com\/\">Kroatien Gulet<\/a><\/li>\n\n\n\n<li><a href=\"https:\/\/smallshipcruisescroatia.com\/\">Kryssningar med sm\u00e5 fartyg Kroatien<\/a><\/li>\n\n\n\n<li><a href=\"https:\/\/bikeandboatcroatia.com\/\">Cykel och b\u00e5t Kroatien<\/a><\/li>\n\n\n\n<li><a href=\"https:\/\/cyclingholidayscroatia.com\/\">Cykelsemester Kroatien<\/a><\/li>\n\n\n\n<li><a href=\"https:\/\/walkingholidayscroatia.com\/\">Vandringssemester Kroatien<\/a><\/li>\n<\/ul>\n\n\n\n<p>Eller om det \u00e4r destinationen som inte motsvarar dina \u00f6nskem\u00e5l kan du kontakta v\u00e5ra partner i andra l\u00e4nder:<\/p>\n\n\n\n<ul class=\"wp-block-list\">\n<li><a href=\"https:\/\/sloveniafamilyholidays.com\/\">Familjesemester i Slovenien<\/a><\/li>\n<\/ul>","protected":false},"excerpt":{"rendered":"<p>Jag har alltid varit fascinerad av att resa, och min v\u00e4g tog mig till m\u00e5nga avl\u00e4gsna l\u00e4nder. Denna passion fanns kvar hos mig \u00e4ven efter att jag f\u00e5tt min f\u00f6rstf\u00f6dda. Men att resa med ett barn innebar till en b\u00f6rjan flera utmaningar och kr\u00e4vde vissa justeringar. Med \u00e5ren ins\u00e5g jag att det \u00e4r vad varje familj g\u00e5r igenom n\u00e4r de planerar ... <a href=\"https:\/\/familyholidayscroatia.com\/sv\/about-us\/\">Forts\u00e4ttning<\/a><\/p>","protected":false},"author":36,"featured_media":208,"parent":0,"menu_order":0,"comment_status":"open","ping_status":"open","template":"","meta":{"footnotes":""},"class_list":["post-39","page","type-page","status-publish","has-post-thumbnail","hentry"],"acf":{"page_subheading":"Providing safe and enjoyable experiences for parents and children, our team loves nothing more than showing you Croatia\u2019s best bits \u2014 meet us!"},"_links":{"self":[{"href":"https:\/\/familyholidayscroatia.com\/sv\/wp-json\/wp\/v2\/pages\/39","targetHints":{"allow":["GET"]}}],"collection":[{"href":"https:\/\/familyholidayscroatia.com\/sv\/wp-json\/wp\/v2\/pages"}],"about":[{"href":"https:\/\/familyholidayscroatia.com\/sv\/wp-json\/wp\/v2\/types\/page"}],"author":[{"embeddable":true,"href":"https:\/\/familyholidayscroatia.com\/sv\/wp-json\/wp\/v2\/users\/36"}],"replies":[{"embeddable":true,"href":"https:\/\/familyholidayscroatia.com\/sv\/wp-json\/wp\/v2\/comments?post=39"}],"version-history":[{"count":18,"href":"https:\/\/familyholidayscroatia.com\/sv\/wp-json\/wp\/v2\/pages\/39\/revisions"}],"predecessor-version":[{"id":2386,"href":"https:\/\/familyholidayscroatia.com\/sv\/wp-json\/wp\/v2\/pages\/39\/revisions\/2386"}],"wp:featuredmedia":[{"embeddable":true,"href":"https:\/\/familyholidayscroatia.com\/sv\/wp-json\/wp\/v2\/media\/208"}],"wp:attachment":[{"href":"https:\/\/familyholidayscroatia.com\/sv\/wp-json\/wp\/v2\/media?parent=39"}],"curies":[{"name":"wp","href":"https:\/\/api.w.org\/{rel}","templated":true}]}}